{"id":10,"date":"2013-03-06T12:07:12","date_gmt":"2013-03-06T12:07:12","guid":{"rendered":"http:\/\/beta.inlead.dk\/?page_id=10"},"modified":"2020-09-23T12:16:25","modified_gmt":"2020-09-23T12:16:25","slug":"easysuite","status":"publish","type":"page","link":"https:\/\/inlead.dk\/no\/formidlingslosninger\/easysuite\/","title":{"rendered":"easySuite"},"content":{"rendered":"<p><\/p>\n<h2>DDBs CMS \u2013 og mye mer<\/h2>\n<p>easySuite best\u00e5r av forskjellige digitale formidlingsplattformer som alle fungerer problemfritt \u2013 b\u00e5de sammen og hver for seg. Det betyr ogs\u00e5 at plattformene kan anskaffes enkeltvis, eller samlet.<\/p>\n<p style=\"text-align: left;\"><a title=\"easyOPAC \u2013 nettsted integreret med Bibliofil OPAC\" href=\"#easyopac-nettsted-integreret-med-bibliofil-opac\">easyOPAC<\/a><br \/>\n<a href=\"#easyscreen\">easyScreen<\/a><br \/>\n<a href=\"#easymobil\">easyMobil<\/a><br \/>\n<a title=\"easyEmail\" href=\"#easyemail\">easyEmail<\/a><br \/>\nForuten de forskjellige plattformene best\u00e5r easyWeb ogs\u00e5 av en rekke tjenester. Sammen skaper plattformene og tjenestene en totall\u00f8sning for digital formidling.<\/p>\n<p><a href=\"#bpi\">Artikeldeling<\/a><br \/>\n<a href=\"#opstart-og-implementering-af-databrond\">Opstart og implementering af Databr\u00f8nd<\/a><br \/>\n<a href=\"#hosting-herunder-overvagning-backup-og-sikkerhed\">Hosting, herunder overv\u00e5gning og backup<\/a><br \/>\n<a href=\"#udviklingsforlob-og-opgradering\">Udviklingsforl\u00f8b og opgradering<\/a><br \/>\n<a href=\"#lobende-support-og-servicecenter\">L\u00f8bende Support og ServiceCenter<\/a><br \/>\n<a href=\"#redaktionelt-og-innovationsforlob-samt-lobende-information\">Redaktionelt- og innovationsforl\u00f8b samt l\u00f8bende information<\/a><br \/>\n<a href=\"#samarbejde-om-open-source-baseret-biblioteksudvikling\">Samarbejde om open source baseret biblioteksudvikling<\/a><\/p>\n<p>Hvis du er i tvil om noe \u2013 <a href=\"#kontakt-os\">kontakt oss<\/a><\/p>","protected":false},"excerpt":{"rendered":"<\/p>\n<h2>DDBs CMS \u2013 og mye mer<\/h2>\n<p>easySuite best\u00e5r av forskjellige digitale formidlingsplattformer som alle fungerer problemfritt \u2013 b\u00e5de sammen og hver for seg. Det betyr ogs\u00e5 at plattformene kan anskaffes enkeltvis, eller samlet.<\/p>\n<p style=\"text-align: left;\"><a title=\"easyOPAC \u2013 nettsted integreret med Bibliofil OPAC\" href=\"#easyopac-nettsted-integreret-med-bibliofil-opac\">easyOPAC<\/a><br \/> <a href=\"#easyscreen\">easyScreen<\/a><br \/> <a href=\"#easymobil\">easyMobil<\/a><br \/> <a title=\"easyEmail\" href=\"#easyemail\">easyEmail<\/a><br \/> Foruten de forskjellige plattformene best\u00e5r easyWeb ogs\u00e5 av en rekke tjenester. Sammen skaper plattformene og tjenestene en totall\u00f8sning for digital formidling.<\/p>\n<p><a href=\"#bpi\">Artikeldeling<\/a><br \/> <a href=\"#opstart-og-implementering-af-databrond\">Opstart og implementering af Databr\u00f8nd<\/a><br \/> <a href=\"#hosting-herunder-overvagning-backup-og-sikkerhed\">Hosting, herunder overv\u00e5gning og backup<\/a><br \/> <a href=\"#udviklingsforlob-og-opgradering\">Udviklingsforl\u00f8b og opgradering<\/a><br \/> <a&nbsp;\n\n<p><a href=\"https:\/\/inlead.dk\/no\/formidlingslosninger\/easysuite\/\">Read More &raquo;<\/a><\/p>\n","protected":false},"author":1,"featured_media":0,"parent":48821,"menu_order":1,"comment_status":"closed","ping_status":"closed","template":"page-children.php","meta":{"footnotes":""},"_links":{"self":[{"href":"https:\/\/inlead.dk\/no\/wp-json\/wp\/v2\/pages\/10"}],"collection":[{"href":"https:\/\/inlead.dk\/no\/wp-json\/wp\/v2\/pages"}],"about":[{"href":"https:\/\/inlead.dk\/no\/wp-json\/wp\/v2\/types\/page"}],"author":[{"embeddable":true,"href":"https:\/\/inlead.dk\/no\/wp-json\/wp\/v2\/users\/1"}],"replies":[{"embeddable":true,"href":"https:\/\/inlead.dk\/no\/wp-json\/wp\/v2\/comments?post=10"}],"version-history":[{"count":110,"href":"https:\/\/inlead.dk\/no\/wp-json\/wp\/v2\/pages\/10\/revisions"}],"predecessor-version":[{"id":49151,"href":"https:\/\/inlead.dk\/no\/wp-json\/wp\/v2\/pages\/10\/revisions\/49151"}],"up":[{"embeddable":true,"href":"https:\/\/inlead.dk\/no\/wp-json\/wp\/v2\/pages\/48821"}],"wp:attachment":[{"href":"https:\/\/inlead.dk\/no\/wp-json\/wp\/v2\/media?parent=10"}],"curies":[{"name":"wp","href":"https:\/\/api.w.org\/{rel}","templated":true}]}}