{"id":1191,"date":"2016-11-02T14:17:54","date_gmt":"2016-11-02T14:17:54","guid":{"rendered":"http:\/\/inlead.dk\/?page_id=1191"},"modified":"2022-05-05T08:37:19","modified_gmt":"2022-05-05T08:37:19","slug":"skaermprodukter","status":"publish","type":"page","link":"https:\/\/inlead.dk\/no\/skaermprodukter\/","title":{"rendered":"Skjerml\u00f8sninger"},"content":{"rendered":"<p>Inlead sine skjerml\u00f8sninger omfatter f\u00f8lgende produkter:<\/p>\n<ul>\n<li><a title=\"Friendly Frank\" href=\"#friendly-frank\">Friendly Frank<\/a><\/li>\n<li><a title=\"infoSkjerm\" href=\"#infoskjerm\">infoSkjerm<\/a><\/li>\n<li><a title=\"Lokaleoversikt\" href=\"#lokaloversikt\">Lokaloversikt<\/a><\/li>\n<li><a title=\"Plakatsk\u00e6rm\" href=\"#plakatskjerm\">Plakatskjerm<\/a><\/li>\n<li><a title=\"Materialeformidlingsmodul\" href=\"#materialeformidlingsmodul\">Materialeformidlingsmodul<\/a><\/li>\n<li><a title=\"Video Modul\" href=\"#video-modul\">Video Modul<\/a><\/li>\n<li><a title=\"Digitale Hylder\" href=\"#digitale-hyller\">Digitale Hyller<\/a><\/li>\n<li><a title=\"easyWay\" href=\"#easyway\">easyWay<\/a><\/li>\n<li><a title=\"Medie Modul\" href=\"#medie-modul\">Medie Modul<\/a><\/li>\n<li><a title=\"VideoV\u00e6rt\" href=\"#videovert\">VideoVert<\/a><\/li>\n<li><a title=\"OPAC S\u00f8g\" href=\"#opac-sok\">OPAC S\u00f8k<\/a><\/li>\n<li><a title=\"Velkomstsk\u00e6rm\" href=\"#velkomstskjerm\">Velkomstskjerm<\/a><\/li>\n<li><a title=\"Visuelle Hyller\" href=\"#visuelle-hyller\">Visuelle Hyller<\/a><\/li>\n<\/ul>\n<p><\/p>","protected":false},"excerpt":{"rendered":"<p>Inlead sine skjerml\u00f8sninger omfatter f\u00f8lgende produkter:<\/p>\n<ul>\n<li><a title=\"Friendly Frank\" href=\"#friendly-frank\">Friendly Frank<\/a><\/li>\n<li><a title=\"infoSkjerm\" href=\"#infoskjerm\">infoSkjerm<\/a><\/li>\n<li><a title=\"Lokaleoversikt\" href=\"#lokaloversikt\">Lokaloversikt<\/a><\/li>\n<li><a title=\"Plakatsk\u00e6rm\" href=\"#plakatskjerm\">Plakatskjerm<\/a><\/li>\n<li><a title=\"Materialeformidlingsmodul\" href=\"#materialeformidlingsmodul\">Materialeformidlingsmodul<\/a><\/li>\n<li><a title=\"Video Modul\" href=\"#video-modul\">Video Modul<\/a><\/li>\n<li><a title=\"Digitale Hylder\" href=\"#digitale-hyller\">Digitale Hyller<\/a><\/li>\n<li><a title=\"easyWay\" href=\"#easyway\">easyWay<\/a><\/li>\n<li><a title=\"Medie Modul\" href=\"#medie-modul\">Medie Modul<\/a><\/li>\n<li><a title=\"VideoV\u00e6rt\" href=\"#videovert\">VideoVert<\/a><\/li>\n<li><a title=\"OPAC S\u00f8g\" href=\"#opac-sok\">OPAC S\u00f8k<\/a><\/li>\n<li><a title=\"Velkomstsk\u00e6rm\" href=\"#velkomstskjerm\">Velkomstskjerm<\/a><\/li>\n<li><a title=\"Visuelle Hyller\" href=\"#visuelle-hyller\">Visuelle Hyller<\/a><\/li>\n<\/ul>\n","protected":false},"author":1,"featured_media":0,"parent":0,"menu_order":0,"comment_status":"closed","ping_status":"closed","template":"page-children.php","meta":{"footnotes":""},"_links":{"self":[{"href":"https:\/\/inlead.dk\/no\/wp-json\/wp\/v2\/pages\/1191"}],"collection":[{"href":"https:\/\/inlead.dk\/no\/wp-json\/wp\/v2\/pages"}],"about":[{"href":"https:\/\/inlead.dk\/no\/wp-json\/wp\/v2\/types\/page"}],"author":[{"embeddable":true,"href":"https:\/\/inlead.dk\/no\/wp-json\/wp\/v2\/users\/1"}],"replies":[{"embeddable":true,"href":"https:\/\/inlead.dk\/no\/wp-json\/wp\/v2\/comments?post=1191"}],"version-history":[{"count":88,"href":"https:\/\/inlead.dk\/no\/wp-json\/wp\/v2\/pages\/1191\/revisions"}],"predecessor-version":[{"id":49296,"href":"https:\/\/inlead.dk\/no\/wp-json\/wp\/v2\/pages\/1191\/revisions\/49296"}],"wp:attachment":[{"href":"https:\/\/inlead.dk\/no\/wp-json\/wp\/v2\/media?parent=1191"}],"curies":[{"name":"wp","href":"https:\/\/api.w.org\/{rel}","templated":true}]}}