{"id":157,"date":"2013-07-10T08:22:18","date_gmt":"2013-07-10T08:22:18","guid":{"rendered":"http:\/\/beta.inlead.dk\/?page_id=157"},"modified":"2019-10-30T12:16:04","modified_gmt":"2019-10-30T12:16:04","slug":"hosting-herunder-overvagning-og-backup","status":"publish","type":"page","link":"https:\/\/inlead.dk\/no\/formidlingslosninger\/hosting-herunder-overvagning-og-backup\/","title":{"rendered":"Hosting \u2013 herunder overv\u00e5kning, backup og sikkerhet."},"content":{"rendered":"<p>easyOPAC vil bli hostet av Inlead i likhet med easyScreen, easyMail og de \u00f8vrige typene programvare i bibliotekets l\u00f8sning overv\u00e5kes og vedlikeholdes 24\/7 365 dager i \u00e5ret.<\/p>\n<p>V\u00e5r tjeneste inkluderer oppdatering\/patchning av driftsl\u00f8sninger og daglig backup med gjenopprettingsmuligheter.<\/p>\n<p>easyOPACs oppetidsgaranti er 99%, med ubegrenset datatrafikk, 30 GD diskplass, 2 GB ram og 1 CPU tilgjengelig til l\u00f8sningen.<\/p>","protected":false},"excerpt":{"rendered":"<p>easyOPAC vil bli hostet av Inlead i likhet med easyScreen, easyMail og de \u00f8vrige typene programvare i bibliotekets l\u00f8sning overv\u00e5kes og vedlikeholdes 24\/7 365 dager i \u00e5ret.<\/p>\n<p>V\u00e5r tjeneste inkluderer oppdatering\/patchning av driftsl\u00f8sninger og daglig backup med gjenopprettingsmuligheter.<\/p>\n<p>easyOPACs oppetidsgaranti er 99%, med ubegrenset datatrafikk, 30 GD diskplass, 2 GB ram og 1 CPU tilgjengelig til l\u00f8sningen.<\/p>\n","protected":false},"author":1,"featured_media":0,"parent":48821,"menu_order":7,"comment_status":"closed","ping_status":"closed","template":"page-children.php","meta":{"footnotes":""},"_links":{"self":[{"href":"https:\/\/inlead.dk\/no\/wp-json\/wp\/v2\/pages\/157"}],"collection":[{"href":"https:\/\/inlead.dk\/no\/wp-json\/wp\/v2\/pages"}],"about":[{"href":"https:\/\/inlead.dk\/no\/wp-json\/wp\/v2\/types\/page"}],"author":[{"embeddable":true,"href":"https:\/\/inlead.dk\/no\/wp-json\/wp\/v2\/users\/1"}],"replies":[{"embeddable":true,"href":"https:\/\/inlead.dk\/no\/wp-json\/wp\/v2\/comments?post=157"}],"version-history":[{"count":13,"href":"https:\/\/inlead.dk\/no\/wp-json\/wp\/v2\/pages\/157\/revisions"}],"predecessor-version":[{"id":49223,"href":"https:\/\/inlead.dk\/no\/wp-json\/wp\/v2\/pages\/157\/revisions\/49223"}],"up":[{"embeddable":true,"href":"https:\/\/inlead.dk\/no\/wp-json\/wp\/v2\/pages\/48821"}],"wp:attachment":[{"href":"https:\/\/inlead.dk\/no\/wp-json\/wp\/v2\/media?parent=157"}],"curies":[{"name":"wp","href":"https:\/\/api.w.org\/{rel}","templated":true}]}}