{"id":7,"date":"2013-03-06T12:06:37","date_gmt":"2013-03-06T12:06:37","guid":{"rendered":"http:\/\/beta.inlead.dk\/?page_id=7"},"modified":"2022-12-14T09:36:08","modified_gmt":"2022-12-14T09:36:08","slug":"om-inlead","status":"publish","type":"page","link":"https:\/\/inlead.dk\/no\/om-inlead\/","title":{"rendered":"Om Inlead"},"content":{"rendered":"<p><\/p>\n<h2>Vi leverer digitale formidlingsl\u00f8sninger som virker p\u00e5 tvers av plattformer og retter seg til helt alminnelige mennesker.<\/h2>\n<p>Inlead er et digitalt kommunikasjonsbyr\u00e5 som har levert digitale l\u00f8sninger siden 1999. Inlead har siden 2005 konsentrert som om \u00e5 levere \u201dstate-of-the-art\u201d-l\u00f8sninger til bibliotek.<\/p>\n<p>I Inlead har vi medarbeidere som til sammen sitter p\u00e5 betydelige kompetanse innenfor utvikling i Drupal og i open source-verkt\u00f8yene LAMP (Linux, Apache, MySQL, php). Inlead fungerer som systemintegrator og leverer ogs\u00e5 apper til mobil-og tabletuniverset.<\/p>\n<p>Inlead drifter omtrent 15 prosent av de danske folkebibliotekers web- og OPAC-l\u00f8sninger, og tilbyr en Drupal-basert CMS-l\u00f8sning, easyOPAC.<\/p>\n<p>easyOPAC baserer sig p\u00e5 drift, support og utvikling av Drupal-baserte l\u00f8sninger.<br \/>\nDet er mulig for bibliotekene selv \u00e5 bidra med ressurser eller utelukkende h\u00f8ste av fellesskapets resultater.<\/p>\n<p>Utover det tekniske inkluderer easyOPAC redaksjonelt samarbeid og innovasjonstiltak. Inlead er alltid parat til \u00e5 p\u00e5ta seg utviklingsoppgaver for bibliotekene.<\/p>\n<h2>Kontaktpersoner<\/h2>\n<table style=\"border-width: 0 !important; width: 100%;\" border=\"0\">\n<tbody>\n<tr>\n<td style=\"width: 50%;\">\n<h3><strong>Carsten Dibbern<\/strong><\/h3>\n<p><img decoding=\"async\" loading=\"lazy\" class=\"size-medium wp-image-1793\" src=\"http:\/\/inlead.dk\/wp-content\/uploads\/2013\/03\/CD-300x300.jpg\" alt=\"Carsten Dibbern\" width=\"300\" height=\"300\" srcset=\"https:\/\/inlead.dk\/wp-content\/uploads\/2013\/03\/CD-300x300.jpg 300w, https:\/\/inlead.dk\/wp-content\/uploads\/2013\/03\/CD-150x150.jpg 150w, https:\/\/inlead.dk\/wp-content\/uploads\/2013\/03\/CD-1024x1024.jpg 1024w, https:\/\/inlead.dk\/wp-content\/uploads\/2013\/03\/CD.jpg 2000w\" sizes=\"(max-width: 300px) 100vw, 300px\" \/><br \/>\n<span style=\"text-decoration: underline;\">Salg<\/span><br \/>\nEmail: <a href=\"mailto:cd@inlead.dk\">cd@inlead.dk<\/a><br \/>\nTelefon: <a href=\"phone:+4540847900\">+4540847900<\/a><\/td>\n<td style=\"width: 50%;\">\n<h3><strong>Peter Rodenberg<\/strong><\/h3>\n<p><img decoding=\"async\" loading=\"lazy\" class=\"size-medium wp-image-1794\" src=\"http:\/\/inlead.dk\/wp-content\/uploads\/2013\/03\/PR-300x300.jpg\" alt=\"Peter Rodenberg\" width=\"300\" height=\"300\" srcset=\"https:\/\/inlead.dk\/wp-content\/uploads\/2013\/03\/PR-300x300.jpg 300w, https:\/\/inlead.dk\/wp-content\/uploads\/2013\/03\/PR-150x150.jpg 150w, https:\/\/inlead.dk\/wp-content\/uploads\/2013\/03\/PR-1024x1024.jpg 1024w, https:\/\/inlead.dk\/wp-content\/uploads\/2013\/03\/PR.jpg 2000w\" sizes=\"(max-width: 300px) 100vw, 300px\" \/><br \/>\n<span style=\"text-decoration: underline;\">Direkt\u00f8r<\/span><br \/>\nEmail: <a href=\"mailto:cd@inlead.dk\">pr@inlead.dk<\/a><br \/>\nTelefon: <a href=\"phone:+4540847900\">+45<\/a><a href=\"phone:+4540847900\">+4540750500<\/a><\/td>\n<\/tr>\n<tr>\n<td style=\"width: 50%;\">\n<h3><strong>Jakob Henriksen<\/strong><\/h3>\n<p><img decoding=\"async\" loading=\"lazy\" class=\"size-medium wp-image-1796\" src=\"http:\/\/inlead.dk\/wp-content\/uploads\/2013\/03\/JH-300x300.jpg\" alt=\"Jakob Henriksen\" width=\"300\" height=\"300\" srcset=\"https:\/\/inlead.dk\/wp-content\/uploads\/2013\/03\/JH-300x300.jpg 300w, https:\/\/inlead.dk\/wp-content\/uploads\/2013\/03\/JH-150x150.jpg 150w, https:\/\/inlead.dk\/wp-content\/uploads\/2013\/03\/JH-1024x1024.jpg 1024w, https:\/\/inlead.dk\/wp-content\/uploads\/2013\/03\/JH.jpg 2000w\" sizes=\"(max-width: 300px) 100vw, 300px\" \/><br \/>\n<span style=\"text-decoration: underline;\">Projektleder<\/span><br \/>\nEmail: <a href=\"mailto:cd@inlead.dk\">jh@inlead.dk<\/a><\/td>\n<td style=\"width: 50%;\">\n<h3><strong>Martin Cording<\/strong><\/h3>\n<p><img decoding=\"async\" loading=\"lazy\" class=\"size-medium wp-image-1795\" src=\"http:\/\/inlead.dk\/wp-content\/uploads\/2013\/03\/MC-300x300.jpg\" alt=\"Martin Cording\" width=\"300\" height=\"300\" srcset=\"https:\/\/inlead.dk\/wp-content\/uploads\/2013\/03\/MC-300x300.jpg 300w, https:\/\/inlead.dk\/wp-content\/uploads\/2013\/03\/MC-150x150.jpg 150w, https:\/\/inlead.dk\/wp-content\/uploads\/2013\/03\/MC-1024x1024.jpg 1024w, https:\/\/inlead.dk\/wp-content\/uploads\/2013\/03\/MC.jpg 2000w\" sizes=\"(max-width: 300px) 100vw, 300px\" \/><br \/>\n<span style=\"text-decoration: underline;\">Udviklingschef, projektleder<\/span><br \/>\nEmail: <a href=\"mailto:cd@inlead.dk\">mc@inlead.dk<\/a><\/td>\n<td><\/td>\n<\/tr>\n<\/tbody>\n<\/table>\n<p><\/p>","protected":false},"excerpt":{"rendered":"<\/p>\n<h2>Vi leverer digitale formidlingsl\u00f8sninger som virker p\u00e5 tvers av plattformer og retter seg til helt alminnelige mennesker.<\/h2>\n<p>Inlead er et digitalt kommunikasjonsbyr\u00e5 som har levert digitale l\u00f8sninger siden 1999. Inlead har siden 2005 konsentrert som om \u00e5 levere \u201dstate-of-the-art\u201d-l\u00f8sninger til bibliotek.<\/p>\n<p>I Inlead har vi medarbeidere som til sammen sitter p\u00e5 betydelige kompetanse innenfor utvikling i Drupal og i open source-verkt\u00f8yene LAMP (Linux, Apache, MySQL, php). Inlead fungerer som systemintegrator og leverer ogs\u00e5 apper til mobil-og tabletuniverset.<\/p>\n<p>Inlead drifter omtrent 15 prosent av de danske folkebibliotekers web- og OPAC-l\u00f8sninger, og tilbyr en Drupal-basert CMS-l\u00f8sning, easyOPAC.<\/p>\n<p>easyOPAC baserer sig p\u00e5&nbsp;<\/p>\n<p><a href=\"https:\/\/inlead.dk\/no\/om-inlead\/\">Read More &raquo;<\/a><\/p>\n","protected":false},"author":1,"featured_media":0,"parent":0,"menu_order":0,"comment_status":"open","ping_status":"open","template":"page-children.php","meta":{"footnotes":""},"_links":{"self":[{"href":"https:\/\/inlead.dk\/no\/wp-json\/wp\/v2\/pages\/7"}],"collection":[{"href":"https:\/\/inlead.dk\/no\/wp-json\/wp\/v2\/pages"}],"about":[{"href":"https:\/\/inlead.dk\/no\/wp-json\/wp\/v2\/types\/page"}],"author":[{"embeddable":true,"href":"https:\/\/inlead.dk\/no\/wp-json\/wp\/v2\/users\/1"}],"replies":[{"embeddable":true,"href":"https:\/\/inlead.dk\/no\/wp-json\/wp\/v2\/comments?post=7"}],"version-history":[{"count":36,"href":"https:\/\/inlead.dk\/no\/wp-json\/wp\/v2\/pages\/7\/revisions"}],"predecessor-version":[{"id":49349,"href":"https:\/\/inlead.dk\/no\/wp-json\/wp\/v2\/pages\/7\/revisions\/49349"}],"wp:attachment":[{"href":"https:\/\/inlead.dk\/no\/wp-json\/wp\/v2\/media?parent=7"}],"curies":[{"name":"wp","href":"https:\/\/api.w.org\/{rel}","templated":true}]}}