{"id":71,"date":"2013-04-30T09:29:39","date_gmt":"2013-04-30T09:29:39","guid":{"rendered":"http:\/\/beta.inlead.dk\/?page_id=71"},"modified":"2022-05-05T08:21:07","modified_gmt":"2022-05-05T08:21:07","slug":"easyscreen","status":"publish","type":"page","link":"https:\/\/inlead.dk\/no\/formidlingslosninger\/easyscreen\/","title":{"rendered":"easyScreen"},"content":{"rendered":"<p><\/p>\n<h2>Med infoSkjerm kan biblioteket aktivere en tom vegg- eller reolplass med et interaktivt informasjonsmedie.<\/h2>\n<p>infoSkjerm kan med korte nyheter informere forbipasserende om materialer eller aktiviteter i biblioteket. N\u00e5r brukerne benytter touchkskjermen blir infoSkjerm et interaktivt s\u00f8keverkt\u00f8y.<\/p>\n<p>Med infoSkjerm er det ogs\u00e5 mulig \u00e5 gj\u00f8re OPAC-s\u00f8k via inntasting i de trykkf\u00f8lsomme skjermene. Resultatet blir formidlet i likhet med resultatet fra deres hjemmeside under fremvisningen av plasseringsopplysninger og brukerskapt data.<\/p>\n<p>Her kan infoSkjerm brukes til \u00e5 s\u00f8ke i bibliotekets artikler fra hjemmesiden, eller innhold hentet fra andre datakilder, for \u00e5 finne inspirasjon eller utdypende informasjon om deres arrangement og\/eller aktiviteter. Hvis dere har tanker om \u00e5 \u00e5pne, eller allerede har, betjeningsl\u00f8se filialer, kan easyScreen hjelpe dere med \u00e5 forbedre brukeropplevelsen kraftig, n\u00e5r betjening fra skranken ikke er mulig.<\/p>\n<p>infoSkjerm kan ogs\u00e5 brukes uavhengig av easySuite og i bibliotekets \u00f8vrige s\u00f8kesystem.<\/p>","protected":false},"excerpt":{"rendered":"<\/p>\n<h2>Med infoSkjerm kan biblioteket aktivere en tom vegg- eller reolplass med et interaktivt informasjonsmedie.<\/h2>\n<p>infoSkjerm kan med korte nyheter informere forbipasserende om materialer eller aktiviteter i biblioteket. N\u00e5r brukerne benytter touchkskjermen blir infoSkjerm et interaktivt s\u00f8keverkt\u00f8y.<\/p>\n<p>Med infoSkjerm er det ogs\u00e5 mulig \u00e5 gj\u00f8re OPAC-s\u00f8k via inntasting i de trykkf\u00f8lsomme skjermene. Resultatet blir formidlet i likhet med resultatet fra deres hjemmeside under fremvisningen av plasseringsopplysninger og brukerskapt data.<\/p>\n<p>Her kan infoSkjerm brukes til \u00e5 s\u00f8ke i bibliotekets artikler fra hjemmesiden, eller innhold hentet fra andre datakilder, for \u00e5 finne inspirasjon eller utdypende informasjon om deres arrangement og\/eller aktiviteter. Hvis&nbsp;<\/p>\n<p><a href=\"https:\/\/inlead.dk\/no\/formidlingslosninger\/easyscreen\/\">Read More &raquo;<\/a><\/p>\n","protected":false},"author":1,"featured_media":0,"parent":48821,"menu_order":3,"comment_status":"closed","ping_status":"closed","template":"page-children.php","meta":{"footnotes":""},"_links":{"self":[{"href":"https:\/\/inlead.dk\/no\/wp-json\/wp\/v2\/pages\/71"}],"collection":[{"href":"https:\/\/inlead.dk\/no\/wp-json\/wp\/v2\/pages"}],"about":[{"href":"https:\/\/inlead.dk\/no\/wp-json\/wp\/v2\/types\/page"}],"author":[{"embeddable":true,"href":"https:\/\/inlead.dk\/no\/wp-json\/wp\/v2\/users\/1"}],"replies":[{"embeddable":true,"href":"https:\/\/inlead.dk\/no\/wp-json\/wp\/v2\/comments?post=71"}],"version-history":[{"count":32,"href":"https:\/\/inlead.dk\/no\/wp-json\/wp\/v2\/pages\/71\/revisions"}],"predecessor-version":[{"id":49294,"href":"https:\/\/inlead.dk\/no\/wp-json\/wp\/v2\/pages\/71\/revisions\/49294"}],"up":[{"embeddable":true,"href":"https:\/\/inlead.dk\/no\/wp-json\/wp\/v2\/pages\/48821"}],"wp:attachment":[{"href":"https:\/\/inlead.dk\/no\/wp-json\/wp\/v2\/media?parent=71"}],"curies":[{"name":"wp","href":"https:\/\/api.w.org\/{rel}","templated":true}]}}