{"id":872,"date":"2014-12-09T08:56:55","date_gmt":"2014-12-09T08:56:55","guid":{"rendered":"http:\/\/inlead.dk\/?page_id=872"},"modified":"2026-04-21T18:00:58","modified_gmt":"2026-04-21T18:00:58","slug":"hardware","status":"publish","type":"page","link":"https:\/\/inlead.dk\/no\/hardware\/","title":{"rendered":"Maskinvare"},"content":{"rendered":"<p>Inleads skjerml\u00f8sninger kan anvendes p\u00e5 alt fra storskjermer til touch-skjermer. Det er derfor naturlig for Inlead \u00e5 kunne tilby skjermer ogs\u00e5. Inlead forhandler en rekke skjermer i flere forskjellige st\u00f8rrelser, med og uten touch, og med og uten RFID-skanner.<\/p>\n<p>Inlead kan ogs\u00e5 levere standerl\u00f8sninger i forskjellige st\u00f8rrelser.<\/p>\n<p>Veiledning og priser kan innhentes hos Inlead, s\u00e5 sp\u00f8r oss gjerne.<\/p>\n<p>\u00a0<\/p>\n<style><!--\n\/* Font Definitions *\/\n@font-face\n\t{font-family:Arial;\n\tpanose-1:2 11 6 4 2 2 2 2 2 4;\n\tmso-font-charset:0;\n\tmso-generic-font-family:auto;\n\tmso-font-pitch:variable;\n\tmso-font-signature:-536859905 -1073711037 9 0 511 0;}\n@font-face\n\t{font-family:\"Cambria Math\";\n\tpanose-1:2 4 5 3 5 4 6 3 2 4;\n\tmso-font-charset:0;\n\tmso-generic-font-family:auto;\n\tmso-font-pitch:variable;\n\tmso-font-signature:-536870145 1107305727 0 0 415 0;}\n@font-face\n\t{font-family:Calibri;\n\tpanose-1:2 15 5 2 2 2 4 3 2 4;\n\tmso-font-charset:0;\n\tmso-generic-font-family:auto;\n\tmso-font-pitch:variable;\n\tmso-font-signature:-520092929 1073786111 9 0 415 0;}\n@font-face\n\t{font-family:\u7b49\u7ebf;\n\tpanose-1:0 0 0 0 0 0 0 0 0 0;\n\tmso-font-charset:128;\n\tmso-generic-font-family:roman;\n\tmso-font-format:other;\n\tmso-font-pitch:auto;\n\tmso-font-signature:0 0 0 0 0 0;}\n \/* Style Definitions *\/\np.MsoNormal, li.MsoNormal, div.MsoNormal\n\t{mso-style-unhide:no;\n\tmso-style-qformat:yes;\n\tmso-style-parent:\"\";\n\tmargin-top:0cm;\n\tmargin-right:0cm;\n\tmargin-bottom:8.0pt;\n\tmargin-left:0cm;\n\tline-height:107%;\n\tmso-pagination:widow-orphan;\n\tfont-size:11.0pt;\n\tfont-family:Calibri;\n\tmso-ascii-font-family:Calibri;\n\tmso-ascii-theme-font:minor-latin;\n\tmso-fareast-font-family:\u7b49\u7ebf;\n\tmso-fareast-theme-font:minor-fareast;\n\tmso-hansi-font-family:Calibri;\n\tmso-hansi-theme-font:minor-latin;\n\tmso-bidi-font-family:\"Times New Roman\";\n\tmso-bidi-theme-font:minor-bidi;\n\tmso-ansi-language:NO-BOK;\n\tmso-fareast-language:ZH-CN;}\np\n\t{mso-style-priority:99;\n\tmso-margin-top-alt:auto;\n\tmargin-right:0cm;\n\tmso-margin-bottom-alt:auto;\n\tmargin-left:0cm;\n\tmso-pagination:widow-orphan;\n\tfont-size:12.0pt;\n\tfont-family:\"Times New Roman\";\n\tmso-fareast-font-family:\"Times New Roman\";\n\tmso-ansi-language:NO-BOK;\n\tmso-fareast-language:ZH-CN;}\n.MsoChpDefault\n\t{mso-style-type:export-only;\n\tmso-default-props:yes;\n\tfont-size:11.0pt;\n\tmso-ansi-font-size:11.0pt;\n\tmso-bidi-font-size:11.0pt;\n\tfont-family:Calibri;\n\tmso-ascii-font-family:Calibri;\n\tmso-ascii-theme-font:minor-latin;\n\tmso-fareast-font-family:\u7b49\u7ebf;\n\tmso-fareast-theme-font:minor-fareast;\n\tmso-hansi-font-family:Calibri;\n\tmso-hansi-theme-font:minor-latin;\n\tmso-bidi-font-family:\"Times New Roman\";\n\tmso-bidi-theme-font:minor-bidi;\n\tmso-ansi-language:NO-BOK;\n\tmso-fareast-language:ZH-CN;}\n.MsoPapDefault\n\t{mso-style-type:export-only;\n\tmargin-bottom:8.0pt;\n\tline-height:107%;}\n@page WordSection1\n\t{size:612.0pt 792.0pt;\n\tmargin:3.0cm 2.0cm 3.0cm 2.0cm;\n\tmso-header-margin:35.4pt;\n\tmso-footer-margin:35.4pt;\n\tmso-paper-source:0;}\ndiv.WordSection1\n\t{page:WordSection1;}\n--><\/style>\n<p>\u00a0<\/p>","protected":false},"excerpt":{"rendered":"<p>Inleads skjerml\u00f8sninger kan anvendes p\u00e5 alt fra storskjermer til touch-skjermer. Det er derfor naturlig for Inlead \u00e5 kunne tilby skjermer ogs\u00e5. Inlead forhandler en rekke skjermer i flere forskjellige st\u00f8rrelser, med og uten touch, og med og uten RFID-skanner. Inlead kan ogs\u00e5 levere standerl\u00f8sninger i forskjellige st\u00f8rrelser. Veiledning og priser kan innhentes hos Inlead, s\u00e5 [&hellip;]<\/p>\n","protected":false},"author":1,"featured_media":0,"parent":0,"menu_order":0,"comment_status":"closed","ping_status":"closed","template":"","meta":{"footnotes":""},"_links":{"self":[{"href":"https:\/\/inlead.dk\/no\/wp-json\/wp\/v2\/pages\/872"}],"collection":[{"href":"https:\/\/inlead.dk\/no\/wp-json\/wp\/v2\/pages"}],"about":[{"href":"https:\/\/inlead.dk\/no\/wp-json\/wp\/v2\/types\/page"}],"author":[{"embeddable":true,"href":"https:\/\/inlead.dk\/no\/wp-json\/wp\/v2\/users\/1"}],"replies":[{"embeddable":true,"href":"https:\/\/inlead.dk\/no\/wp-json\/wp\/v2\/comments?post=872"}],"version-history":[{"count":39,"href":"https:\/\/inlead.dk\/no\/wp-json\/wp\/v2\/pages\/872\/revisions"}],"predecessor-version":[{"id":49375,"href":"https:\/\/inlead.dk\/no\/wp-json\/wp\/v2\/pages\/872\/revisions\/49375"}],"wp:attachment":[{"href":"https:\/\/inlead.dk\/no\/wp-json\/wp\/v2\/media?parent=872"}],"curies":[{"name":"wp","href":"https:\/\/api.w.org\/{rel}","templated":true}]}}