{"id":9,"date":"2013-03-06T12:06:51","date_gmt":"2013-03-06T12:06:51","guid":{"rendered":"http:\/\/beta.inlead.dk\/?page_id=9"},"modified":"2023-04-05T08:24:18","modified_gmt":"2023-04-05T08:24:18","slug":"kunder","status":"publish","type":"page","link":"https:\/\/inlead.dk\/no\/kunder\/","title":{"rendered":"Kunder"},"content":{"rendered":"<p><\/p>\n<h1>V\u00e5re kunder er biblioteker og andre offentlige kulturakt\u00f8rer<\/h1>\n<h2><strong>Norske kunder<br \/>\n<\/strong><\/h2>\n<p><strong>CMS solutions<\/strong><\/p>\n<ul>\n<li>Fredrikstad bibliotek (<a href=\"https:\/\/www.fredrikstadbibliotek.no\">easyOPAC<\/a>)<\/li>\n<li>Hvaler bibliotek (easyOPAC)<\/li>\n<li>Indre \u00d8stfold bibliotek (easyOPAC)<\/li>\n<li>Kristiansand (<a href=\"https:\/\/krsbib.no\">easyOPAC<\/a>)<\/li>\n<li>Mossebibliotekene (<a href=\"https:\/\/www.mossebibliotekene.no\">easyOPAC<\/a>)<\/li>\n<li>Stord folkebibliotek (<a href=\"https:\/\/www.stordbibliotek.no\">easyOPAC<\/a>)<\/li>\n<li>\u00d8ygardsbiblioteka (<a href=\"https:\/\/www.\u00f8ybib.no\/\">easyOPAC<\/a>)<\/li>\n<li>4 fylkesbiblioteker (musikportal)<\/li>\n<\/ul>\n<p><strong>Skjerml\u00f8sninger<\/strong><\/p>\n<ul>\n<li>Asker bibliotek (Digitale Hyller)<\/li>\n<li>Bergen Offenlige Bibliotek (Digitale Hyller)<\/li>\n<li>Haugesund bibliotek (OPAC S\u00f8k)<\/li>\n<li>Kristiansand (infoSkjerm)<\/li>\n<li>Kvinnherad bibliotek (Digitale Hyller, Velkomstskjerm og easyWay)<\/li>\n<li>Lier bibliotek (Digitale Hyller)<\/li>\n<li>Lillestr\u00f8mbibliotekerne (easyWay, OPAC S\u00f8k og Digitale Hyller)<\/li>\n<li>Lyngdal (Digitale Hyller)<\/li>\n<li>Mossebibliotekene (infoSkjerm, Digitale Hyller, OPAC S\u00f8k, easyWay og Friendly Frank)<\/li>\n<li>Nome bibliotek (Digitale Hyller)<\/li>\n<li>Nord-Odal (Digitale Hyller, easyWay og Friendly Frank)<\/li>\n<li>Porsgrunn bibliotek (VideoVert)<\/li>\n<li>Rana bibliotek (Digitale Hyller, Velkomstskjerm og easyWay)<\/li>\n<li>S\u00e1mediggi\/ Sametingets bibliotek (Friendly Frank)<\/li>\n<li>Skien bibliotek (Digitale Hyller og easyWay)<\/li>\n<li>Tysnes folebibliotek (InfoSkjerm, Plakatskjerm og Materialeformidlingsmodul)<\/li>\n<li>Tysv\u00e6r Folkebibliotek (Digitale Hyller og Friendly Frank)<\/li>\n<li>Vang folkebibliotek (Digitale Hylder)<\/li>\n<li>Vindafjord bibliotek (Digitale Hyller)<\/li>\n<li>V\u00e5ler (Digitale Hyller og Friendly Frank)<\/li>\n<li>\u00d8vre Eiker (OPAC S\u00f8k)<\/li>\n<li>\u00d8ygardsbiblioteka (Digitale Hyller)<\/li>\n<\/ul>\n<h2><strong>Danske Kunder<\/strong><\/h2>\n<p><strong>CMS solutions<\/strong><\/p>\n<p><strong>Filmportaler<\/strong><\/p>\n<ul>\n<li>DBC (<a href=\"https:\/\/fjernleje.filmstriben.dk\">Filmstriben<\/a>)<\/li>\n<\/ul>\n<p><strong>Kulturportaler<\/strong><\/p>\n<ul>\n<li>Br\u00f8ndby Kommune (<a href=\"https:\/\/oplevbrondby.dk\">Kulturportal<\/a>)<\/li>\n<li>Middelfart Kommune (<a href=\"http:\/\/kultur.middelfartbibliotek.dk\/\">Kulturportal<\/a>)<\/li>\n<\/ul>\n<p><strong>Biblioteker<\/strong><\/p>\n<ul>\n<li>Det Administrative Bibliotek (<a href=\"http:\/\/dab.dk\">easySite<\/a>)<\/li>\n<li>Bornholms Folkebiblioteker (<a href=\"https:\/\/bibliotek.brk.dk\/\">easyOPAC<\/a>)<\/li>\n<li>Br\u00f8ndby-Bibliotekerne\u00a0(<a href=\"https:\/\/www.brondby-bibliotekerne.dk\/\">easyOPAC<\/a>)<\/li>\n<li>Faxe Kommunes Biblioteker\u00a0(<a href=\"https:\/\/www.faxebibliotek.dk\/\">easyOPAC<\/a>)<\/li>\n<li>Det Gr\u00f8nlandske Landsbibliotek (<a href=\"https:\/\/www.katak.gl\/kl\">easyOPAC<\/a>)<\/li>\n<li>Guldborgsund-bibliotekerne (<a href=\"https:\/\/guldbib.dk\/\">easyOPAC<\/a>)<\/li>\n<li>Hedensted Bibliotekerne (<a href=\"https:\/\/www.hedenstedbib.dk\/\">easyOPAC<\/a>)<\/li>\n<li>Herlev-Bibliotekerne (<a href=\"https:\/\/www.herlevbibliotek.dk\/\">easyOPAC<\/a>)<\/li>\n<li>Holb\u00e6k Bibliotek (<a href=\"http:\/\/bibliotek.holbaek.dk\">easyOPAC<\/a>)<\/li>\n<li>Jammerbugt Bibliotekerne (<a href=\"https:\/\/www.jammerbugtbibliotekerne.dk\/\">easyOPAC<\/a>)<\/li>\n<li>Det Jyske Musikkonservatorium (<a href=\"https:\/\/biblioteket.musikkons.dk\/da\">easyOPAC<\/a>)<\/li>\n<li>Lemvig Bibliotek (<a href=\"https:\/\/www.lemvigbibliotek.dk\/\">easyOPAC<\/a>)<\/li>\n<li>Middelfart Kultur &amp; Bibliotek (<a href=\"https:\/\/www.middelfartbibliotek.dk\/\">easyOPAC<\/a>)<\/li>\n<li>N\u00e6stved Bibliotek &amp; Borgerservice (<a href=\"https:\/\/www.naesbib.dk\">easyOPAC<\/a>)<\/li>\n<li>Skanderborg Bibliotek (<a href=\"https:\/\/www.bibliotek.skanderborg.dk\/\">easyOPAC<\/a>)<\/li>\n<li>Slagelse Bibliotekerne (<a href=\"https:\/\/www.slagelsebib.dk\/\">easyOPAC<\/a>)<\/li>\n<li>T\u00f3rshavn bibliotek (<a href=\"https:\/\/www.bbs.fo\/da\">easyOPAC<\/a>)<\/li>\n<li>T\u00f8nder Kommunes Biblioteker (<a href=\"https:\/\/tbib.dk\">easyOPAC<\/a>)<\/li>\n<li>T\u00e5rnby Kommunebiblioteker (Moduler i <a href=\"https:\/\/taarnbybib.dk\/\">DDB CMS<\/a>)<\/li>\n<li>DBC &#8211; fx Professionsh\u00f8jskolen Metropol (<a href=\"https:\/\/www.phbibliotek.dk\/\">Artesis<\/a>)<\/li>\n<\/ul>\n<p><strong>Skjerml\u00f8sninger<br \/>\n<\/strong><\/p>\n<ul>\n<li>Bornholms Folkebiblioteker (easyScreen)<\/li>\n<li>Br\u00f8ndby-Bibliotekerne (infoSkjerm, Digitale Hyller, Lokaleoversikt, easyWay, Velkomstskjerm)<\/li>\n<li>Esbjerg Kommunes Biblioteker (Friendly Frank)<\/li>\n<li>Faxe Kommunes Biblioteker (easyScreen, Materialeformidling, OPAC S\u00f8k og Digitale Hyller)<\/li>\n<li>Guldborgsund-bibliotekerne (easyWay og Velkomstskjerm)<\/li>\n<li>Hedensted Bibliotekerne (infoSkjerm)<\/li>\n<li>Herlev-Bibliotekerne (infoSkjerm og Digitale Hyller)<\/li>\n<li>Ish\u00f8j (Digitale Hyller, Friendly Frank, OPAC S\u00f8k)<\/li>\n<li>Lemvig Bibliotek (infoSkjerm)<\/li>\n<li>Middelfart Bibliotek (infoSkjerm, VideoVert, Digitale Hyller, easyWay, Lokaleoversigt, Medie Modul, Velkomstskjerm og Friendly Frank)<\/li>\n<li>N\u00e6stved Bibliotek (Digitale Hyller med Utl\u00e5n)<\/li>\n<li>R\u00f8dovre Bibliotek (Digitale Hyller)<\/li>\n<li>Slagelse Bibliotekerne (infoSkjerm og Digitale Hyller)<\/li>\n<li>T\u00e5rnby Kommunebiblioteker (infoSkjerm og Lokaleoversikt)<\/li>\n<\/ul>\n<p><strong>Andet<\/strong><\/p>\n<ul>\n<li>DDB &#8211; (Hostingydelser og selenium test)<\/li>\n<\/ul>\n<h2><strong>Finske Kunder<\/strong><\/h2>\n<ul>\n<li>H\u00e4meenlinna Main Library (easyWay)<\/li>\n<li>Kuopio Public Library (easyWay)<\/li>\n<li>Pyht\u00e4\u00e4 Public Library (easyWay)<\/li>\n<\/ul>\n<h2><strong>Andre<\/strong><\/h2>\n<ul>\n<li>B.P. Hasdeu Library, Chisinau, Moldova (Digitale Hyller)<\/li>\n<li>Kware State University Library, Nigeria (CMS Drupal solution)<\/li>\n<\/ul>\n<p><\/p>","protected":false},"excerpt":{"rendered":"<p>V\u00e5re kunder er biblioteker og andre offentlige kulturakt\u00f8rer Norske kunder CMS solutions Fredrikstad bibliotek (easyOPAC) Hvaler bibliotek (easyOPAC) Indre \u00d8stfold bibliotek (easyOPAC) Kristiansand (easyOPAC) Mossebibliotekene (easyOPAC) Stord folkebibliotek (easyOPAC) \u00d8ygardsbiblioteka (easyOPAC) 4 fylkesbiblioteker (musikportal) Skjerml\u00f8sninger Asker bibliotek (Digitale Hyller) Bergen Offenlige Bibliotek (Digitale Hyller) Haugesund bibliotek (OPAC S\u00f8k) Kristiansand (infoSkjerm) Kvinnherad bibliotek (Digitale Hyller, Velkomstskjerm [&hellip;]<\/p>\n","protected":false},"author":1,"featured_media":0,"parent":0,"menu_order":0,"comment_status":"closed","ping_status":"closed","template":"page-children.php","meta":{"footnotes":""},"_links":{"self":[{"href":"https:\/\/inlead.dk\/no\/wp-json\/wp\/v2\/pages\/9"}],"collection":[{"href":"https:\/\/inlead.dk\/no\/wp-json\/wp\/v2\/pages"}],"about":[{"href":"https:\/\/inlead.dk\/no\/wp-json\/wp\/v2\/types\/page"}],"author":[{"embeddable":true,"href":"https:\/\/inlead.dk\/no\/wp-json\/wp\/v2\/users\/1"}],"replies":[{"embeddable":true,"href":"https:\/\/inlead.dk\/no\/wp-json\/wp\/v2\/comments?post=9"}],"version-history":[{"count":201,"href":"https:\/\/inlead.dk\/no\/wp-json\/wp\/v2\/pages\/9\/revisions"}],"predecessor-version":[{"id":49403,"href":"https:\/\/inlead.dk\/no\/wp-json\/wp\/v2\/pages\/9\/revisions\/49403"}],"wp:attachment":[{"href":"https:\/\/inlead.dk\/no\/wp-json\/wp\/v2\/media?parent=9"}],"curies":[{"name":"wp","href":"https:\/\/api.w.org\/{rel}","templated":true}]}}